{"id":260,"date":"2018-10-05T07:53:17","date_gmt":"2018-10-05T07:53:17","guid":{"rendered":"http:\/\/www.association-ama.com\/?page_id=260"},"modified":"2025-01-12T20:05:20","modified_gmt":"2025-01-12T20:05:20","slug":"historique","status":"publish","type":"page","link":"http:\/\/www.association-ama.com\/en\/historique\/","title":{"rendered":"Our story"},"content":{"rendered":"<div data-elementor-type=\"wp-page\" data-elementor-id=\"260\" class=\"elementor elementor-260 elementor-bc-flex-widget\">\n\t\t\t\t\t\t<section class=\"elementor-section elementor-top-section elementor-element elementor-element-7289442 elementor-section-boxed elementor-section-height-default elementor-section-height-default\" data-id=\"7289442\" data-element_type=\"section\">\n\t\t\t\t\t\t<div class=\"elementor-container elementor-column-gap-default\">\n\t\t\t\t\t<div class=\"elementor-column elementor-col-100 elementor-top-column elementor-element elementor-element-ddb60bf\" data-id=\"ddb60bf\" data-element_type=\"column\">\n\t\t\t<div class=\"elementor-widget-wrap elementor-element-populated\">\n\t\t\t\t\t\t<div class=\"elementor-element elementor-element-5f73d48 elementor-widget elementor-widget-text-editor\" data-id=\"5f73d48\" data-element_type=\"widget\" data-widget_type=\"text-editor.default\">\n\t\t\t\t<div class=\"elementor-widget-container\">\n\t\t\t\t\t\t\t\t\t<h2><span style=\"color: #339966;\"><strong>About us<\/strong><\/span><\/h2><p>AMA est une association loi 1901 \u00e0 but non lucratif. L\u2019objet social de l\u2019association est de venir en aide aux personnes migrantes et de faciliter ainsi leur int\u00e9gration. L\u2019objectif d\u2019AMA est d\u00e9velopp\u00e9 dans son projet associatif. Il se rattache essentiellement au principe d\u2019humanit\u00e9, et se d\u00e9cline dans trois domaines:<\/p><ul><li><strong>L\u2019h\u00e9bergement<\/strong>. C\u2019est le domaine pour lequel un besoin imm\u00e9diat se manifeste. AMA recherche des logements en location pour permettre l\u2019accueil de migrants,<\/li><li><strong>L\u2019accompagnement<\/strong>.  It is done all the way so that the administrative and economic situation gets stable. Its objective is to face the unavoidable obstacles faced.<\/li><li><strong>L\u2019int\u00e9gration<\/strong>. L\u2019objectif final est de permettre aux migrants de trouver peu \u00e0 peu leur place dans la soci\u00e9t\u00e9 fran\u00e7aise. A cet effet, nous organisons des \u00e9v\u00e9nements ou des rencontres pour permettre aux migrants d\u2019\u00e9changer.<\/li><\/ul><p>AMA is a secular organisation.<\/p>\t\t\t\t\t\t\t\t<\/div>\n\t\t\t\t<\/div>\n\t\t\t\t\t<\/div>\n\t\t<\/div>\n\t\t\t\t\t<\/div>\n\t\t<\/section>\n\t\t\t\t<section class=\"elementor-section elementor-top-section elementor-element elementor-element-3b147a2 elementor-section-boxed elementor-section-height-default elementor-section-height-default\" data-id=\"3b147a2\" data-element_type=\"section\">\n\t\t\t\t\t\t<div class=\"elementor-container elementor-column-gap-default\">\n\t\t\t\t\t<div class=\"elementor-column elementor-col-100 elementor-top-column elementor-element elementor-element-e317b97\" data-id=\"e317b97\" data-element_type=\"column\">\n\t\t\t<div class=\"elementor-widget-wrap elementor-element-populated\">\n\t\t\t\t\t\t<div class=\"elementor-element elementor-element-1859b5d elementor-widget-divider--view-line elementor-widget elementor-widget-divider\" data-id=\"1859b5d\" data-element_type=\"widget\" data-widget_type=\"divider.default\">\n\t\t\t\t<div class=\"elementor-widget-container\">\n\t\t\t\t\t\t\t<div class=\"elementor-divider\">\n\t\t\t<span class=\"elementor-divider-separator\">\n\t\t\t\t\t\t<\/span>\n\t\t<\/div>\n\t\t\t\t\t\t<\/div>\n\t\t\t\t<\/div>\n\t\t\t\t\t<\/div>\n\t\t<\/div>\n\t\t\t\t\t<\/div>\n\t\t<\/section>\n\t\t\t\t<section class=\"elementor-section elementor-top-section elementor-element elementor-element-8d31747 elementor-section-boxed elementor-section-height-default elementor-section-height-default\" data-id=\"8d31747\" data-element_type=\"section\">\n\t\t\t\t\t\t<div class=\"elementor-container elementor-column-gap-default\">\n\t\t\t\t\t<div class=\"elementor-column elementor-col-100 elementor-top-column elementor-element elementor-element-dd7399f\" data-id=\"dd7399f\" data-element_type=\"column\">\n\t\t\t<div class=\"elementor-widget-wrap elementor-element-populated\">\n\t\t\t\t\t\t<div class=\"elementor-element elementor-element-e2576d4 elementor-widget elementor-widget-text-editor\" data-id=\"e2576d4\" data-element_type=\"widget\" data-widget_type=\"text-editor.default\">\n\t\t\t\t<div class=\"elementor-widget-container\">\n\t\t\t\t\t\t\t\t\t<p>AMA consid\u00e8re que c\u2019est la soci\u00e9t\u00e9 dans son ensemble qui doit \u00eatre sensibilis\u00e9e \u00e0 la cause des migrants. A cet effet, elle pr\u00e9f\u00e8re l\u2019hospitalit\u00e9 \u00e0 l\u2019hostilit\u00e9, et m\u00e8ne des actions de sensibilisation dans ce sens.<\/p><ul><li>Pour plus de pr\u00e9cisions, retrouver notre rapport annuel 2023 Accueil Migrants Asni\u00e8res.<\/li><\/ul>\t\t\t\t\t\t\t\t<\/div>\n\t\t\t\t<\/div>\n\t\t\t\t\t<\/div>\n\t\t<\/div>\n\t\t\t\t\t<\/div>\n\t\t<\/section>\n\t\t\t\t<section class=\"elementor-section elementor-top-section elementor-element elementor-element-1c4f65a elementor-section-boxed elementor-section-height-default elementor-section-height-default\" data-id=\"1c4f65a\" data-element_type=\"section\">\n\t\t\t\t\t\t<div class=\"elementor-container elementor-column-gap-default\">\n\t\t\t\t\t<div class=\"elementor-column elementor-col-100 elementor-top-column elementor-element elementor-element-a4c8663\" data-id=\"a4c8663\" data-element_type=\"column\">\n\t\t\t<div class=\"elementor-widget-wrap elementor-element-populated\">\n\t\t\t\t\t\t<div class=\"elementor-element elementor-element-77326a6 elementor-widget-divider--view-line elementor-widget elementor-widget-divider\" data-id=\"77326a6\" data-element_type=\"widget\" data-widget_type=\"divider.default\">\n\t\t\t\t<div class=\"elementor-widget-container\">\n\t\t\t\t\t\t\t<div class=\"elementor-divider\">\n\t\t\t<span class=\"elementor-divider-separator\">\n\t\t\t\t\t\t<\/span>\n\t\t<\/div>\n\t\t\t\t\t\t<\/div>\n\t\t\t\t<\/div>\n\t\t\t\t\t<\/div>\n\t\t<\/div>\n\t\t\t\t\t<\/div>\n\t\t<\/section>\n\t\t\t\t<section class=\"elementor-section elementor-top-section elementor-element elementor-element-ff20187 elementor-section-boxed elementor-section-height-default elementor-section-height-default\" data-id=\"ff20187\" data-element_type=\"section\">\n\t\t\t\t\t\t<div class=\"elementor-container elementor-column-gap-default\">\n\t\t\t\t\t<div class=\"elementor-column elementor-col-100 elementor-top-column elementor-element elementor-element-0491b4b\" data-id=\"0491b4b\" data-element_type=\"column\">\n\t\t\t<div class=\"elementor-widget-wrap elementor-element-populated\">\n\t\t\t\t\t\t<div class=\"elementor-element elementor-element-f569471 elementor-widget elementor-widget-text-editor\" data-id=\"f569471\" data-element_type=\"widget\" data-widget_type=\"text-editor.default\">\n\t\t\t\t<div class=\"elementor-widget-container\">\n\t\t\t\t\t\t\t\t\t<h2><span style=\"color: #339966;\"><strong>Our story<\/strong><\/span><\/h2>\t\t\t\t\t\t\t\t<\/div>\n\t\t\t\t<\/div>\n\t\t\t\t\t<\/div>\n\t\t<\/div>\n\t\t\t\t\t<\/div>\n\t\t<\/section>\n\t\t\t\t<section class=\"elementor-section elementor-top-section elementor-element elementor-element-227d7752 elementor-section-boxed elementor-section-height-default elementor-section-height-default\" data-id=\"227d7752\" data-element_type=\"section\">\n\t\t\t\t\t\t<div class=\"elementor-container elementor-column-gap-default\">\n\t\t\t\t\t<div class=\"elementor-column elementor-col-100 elementor-top-column elementor-element elementor-element-5ece259\" data-id=\"5ece259\" data-element_type=\"column\">\n\t\t\t<div class=\"elementor-widget-wrap elementor-element-populated\">\n\t\t\t\t\t\t<div class=\"elementor-element elementor-element-5f26185a elementor-widget elementor-widget-text-editor\" data-id=\"5f26185a\" data-element_type=\"widget\" data-widget_type=\"text-editor.default\">\n\t\t\t\t<div class=\"elementor-widget-container\">\n\t\t\t\t\t\t\t\t\t<p>AMA est n\u00e9e de la conjonction de deux volont\u00e9s :<\/p><ul><li>celle de paroissiens d\u2019Asni\u00e8res d\u00e9sireux de r\u00e9pondre \u00e0 l\u2019appel du Pape Fran\u00e7ois, \u00e0 l\u2019automne 2015, demandant \u00e0 chaque communaut\u00e9 d\u2019accueillir des migrants en provenance de Syrie; cet appel ayant \u00e9t\u00e9 relay\u00e9 ensuite par l\u2019\u00e9v\u00eaque de Nanterre, Mgr Michel Aupetit.<\/li><li><span style=\"font-size: 1rem;\">celle de femmes et d\u2019hommes voulant reprendre la suite du CAAR (Comit\u00e9 d\u2019Aide Aux R\u00e9fugi\u00e9s) \u00e0 la suite de sa liquidation. Cette association de Bois-Colombes avait \u00e9t\u00e9 cr\u00e9\u00e9e, dans des conditions similaires, pour accueillir des victimes du drame des Boat People.<\/span><\/li><\/ul><p>Au cours de l\u2019ann\u00e9e 2016, des discussions et r\u00e9unions ont permis \u00e0 tous de pr\u00e9ciser leur objectif commun : accueillir et venir en aide aux personne migrantes en difficult\u00e9 et faciliter leur int\u00e9gration en France, par des actions visant \u00e0 :<\/p><ul><li>answer their immediate needs, especially regarding housing,<\/li><li>accompany them in their project of integration to the French society,<\/li><li>propose them an experience of fraternity and moments of conviviality.<\/li><\/ul><p>D\u00e8s avant la cr\u00e9ation administrative d\u2019AMA d\u00e9but 2017, il a \u00e9t\u00e9 possible d\u2019h\u00e9berger un couple syrien et de les accompagner concr\u00e8tement dans leur projet d\u2019insertion sociale et professionnelle en France. En juillet 2017, AMA a trouv\u00e9 une nouvelle solution d\u2019h\u00e9bergement pour deux fr\u00e8res irakiens, puis en 2018, une autre famille syrienne a pu \u00eatre accueillie, un propri\u00e9taire particulier nous ayant fait confiance en louant un logement.<\/p>\t\t\t\t\t\t\t\t<\/div>\n\t\t\t\t<\/div>\n\t\t\t\t\t<\/div>\n\t\t<\/div>\n\t\t\t\t\t<\/div>\n\t\t<\/section>\n\t\t\t\t<\/div>","protected":false},"excerpt":{"rendered":"<p>Qui sommes-nous ? AMA est une association loi 1901 \u00e0 but non lucratif. L\u2019objet social de l\u2019association est de venir en aide aux personnes migrantes et de faciliter ainsi leur int\u00e9gration. L\u2019objectif d\u2019AMA est d\u00e9velopp\u00e9 dans son projet associatif. Il se rattache essentiellement au principe d\u2019humanit\u00e9, et se d\u00e9cline dans trois domaines: L\u2019h\u00e9bergement. C\u2019est le &hellip; <\/p>\n<p class=\"link-more\"><a href=\"http:\/\/www.association-ama.com\/en\/historique\/\" class=\"more-link\">Continue reading<span class=\"screen-reader-text\"> \u00ab\u00a0Notre histoire\u00a0\u00bb<\/span><\/a><\/p>","protected":false},"author":1,"featured_media":0,"parent":0,"menu_order":0,"comment_status":"closed","ping_status":"closed","template":"","meta":{"_exactmetrics_skip_tracking":false,"_exactmetrics_sitenote_active":false,"_exactmetrics_sitenote_note":"","_exactmetrics_sitenote_category":0,"footnotes":""},"class_list":["post-260","page","type-page","status-publish","hentry"],"_links":{"self":[{"href":"http:\/\/www.association-ama.com\/en\/wp-json\/wp\/v2\/pages\/260","targetHints":{"allow":["GET"]}}],"collection":[{"href":"http:\/\/www.association-ama.com\/en\/wp-json\/wp\/v2\/pages"}],"about":[{"href":"http:\/\/www.association-ama.com\/en\/wp-json\/wp\/v2\/types\/page"}],"author":[{"embeddable":true,"href":"http:\/\/www.association-ama.com\/en\/wp-json\/wp\/v2\/users\/1"}],"replies":[{"embeddable":true,"href":"http:\/\/www.association-ama.com\/en\/wp-json\/wp\/v2\/comments?post=260"}],"version-history":[{"count":10,"href":"http:\/\/www.association-ama.com\/en\/wp-json\/wp\/v2\/pages\/260\/revisions"}],"predecessor-version":[{"id":760,"href":"http:\/\/www.association-ama.com\/en\/wp-json\/wp\/v2\/pages\/260\/revisions\/760"}],"wp:attachment":[{"href":"http:\/\/www.association-ama.com\/en\/wp-json\/wp\/v2\/media?parent=260"}],"curies":[{"name":"wp","href":"https:\/\/api.w.org\/{rel}","templated":true}]}}