{"id":376,"date":"2019-12-11T19:56:27","date_gmt":"2019-12-11T19:56:27","guid":{"rendered":"http:\/\/www.association-ama.com\/?page_id=376"},"modified":"2022-10-03T06:06:56","modified_gmt":"2022-10-03T06:06:56","slug":"nous-connaitre","status":"publish","type":"page","link":"https:\/\/www.association-ama.com\/en\/nous-connaitre\/","title":{"rendered":"About us"},"content":{"rendered":"<div data-elementor-type=\"wp-post\" data-elementor-id=\"376\" class=\"elementor elementor-376 elementor-bc-flex-widget\">\n\t\t\t\t\t\t<section class=\"elementor-section elementor-top-section elementor-element elementor-element-36626a9 elementor-section-boxed elementor-section-height-default elementor-section-height-default\" data-id=\"36626a9\" data-element_type=\"section\">\n\t\t\t\t\t\t<div class=\"elementor-container elementor-column-gap-default\">\n\t\t\t\t\t<div class=\"elementor-column elementor-col-100 elementor-top-column elementor-element elementor-element-6ce2c29\" data-id=\"6ce2c29\" data-element_type=\"column\">\n\t\t\t<div class=\"elementor-widget-wrap elementor-element-populated\">\n\t\t\t\t\t\t<div class=\"elementor-element elementor-element-2f2e3a1 elementor-widget elementor-widget-text-editor\" data-id=\"2f2e3a1\" data-element_type=\"widget\" data-widget_type=\"text-editor.default\">\n\t\t\t\t<div class=\"elementor-widget-container\">\n\t\t\t\t\t\t\t\t\t<h2 style=\"text-align: justify;\"><span style=\"color: #000000;\"><span style=\"font-weight: bold;\">About us<\/span><\/span><\/h2><div>AMA is a non-profit organisation under the 1901 law. The social aim of the charity is to help migrants and facilitate their integration. The purpose of AMA is developed in its charity project. It is essentially linked to the principle of humaneness, and is declined in three fields:<\/div><div>\u00a0<\/div><ul><li style=\"text-align: justify;\"><strong>Housing<\/strong>. It is the field in which an immediate need expresses itself. AMA looks for accommodation to rent that can welcome migrants.<\/li><li style=\"text-align: justify;\"><strong>Accompaniment<\/strong>.  It is done all the way so that the administrative and economic situation gets stable. Its objective is to face the unavoidable obstacles faced.<\/li><li style=\"text-align: justify;\"><strong>Integration<\/strong>. The final aim is to allow migrants to find their place in the French society. To achieve that, we organise events or meetings to enable migrants to exchange\u00a0<\/li><\/ul><div style=\"text-align: justify;\">AMA is a secular organisation.\u00a0<\/div><div>\u00a0<\/div><div style=\"text-align: justify;\">AMA thinks that society as a whole must be made aware of the cause of migrants. Towards this, it prefers hospitality to hostility, and leads actions to raise awareness around this topic.\u00a0<\/div><div style=\"text-align: justify;\">\u00a0<\/div><div style=\"text-align: justify;\"><ul><li>Pour plus de pr\u00e9cisions, retrouver notre rapport annuel 2021 <a href=\"http:\/\/www.association-ama.com\/wp-content\/uploads\/2022\/09\/AMA-Accueil-Migrants-Asni\u00e8res-rapport-annuel-2021.pdf\">Accueil Migrants Asni\u00e8res rapport annuel 2021<\/a><\/li><\/ul><\/div>\t\t\t\t\t\t\t\t<\/div>\n\t\t\t\t<\/div>\n\t\t\t\t<div class=\"elementor-element elementor-element-6c001ae elementor-widget-divider--view-line elementor-widget elementor-widget-divider\" data-id=\"6c001ae\" data-element_type=\"widget\" data-widget_type=\"divider.default\">\n\t\t\t\t<div class=\"elementor-widget-container\">\n\t\t\t\t\t\t\t<div class=\"elementor-divider\">\n\t\t\t<span class=\"elementor-divider-separator\">\n\t\t\t\t\t\t<\/span>\n\t\t<\/div>\n\t\t\t\t\t\t<\/div>\n\t\t\t\t<\/div>\n\t\t\t\t\t<\/div>\n\t\t<\/div>\n\t\t\t\t\t<\/div>\n\t\t<\/section>\n\t\t\t\t<section class=\"elementor-section elementor-top-section elementor-element elementor-element-03ab024 elementor-section-boxed elementor-section-height-default elementor-section-height-default\" data-id=\"03ab024\" data-element_type=\"section\">\n\t\t\t\t\t\t<div class=\"elementor-container elementor-column-gap-default\">\n\t\t\t\t\t<div class=\"elementor-column elementor-col-100 elementor-top-column elementor-element elementor-element-76e813d\" data-id=\"76e813d\" data-element_type=\"column\">\n\t\t\t<div class=\"elementor-widget-wrap elementor-element-populated\">\n\t\t\t\t\t\t<div class=\"elementor-element elementor-element-eea51f3 elementor-widget elementor-widget-menu-anchor\" data-id=\"eea51f3\" data-element_type=\"widget\" data-widget_type=\"menu-anchor.default\">\n\t\t\t\t<div class=\"elementor-widget-container\">\n\t\t\t\t\t\t\t<div class=\"elementor-menu-anchor\" id=\"organisation\"><\/div>\n\t\t\t\t\t\t<\/div>\n\t\t\t\t<\/div>\n\t\t\t\t<div class=\"elementor-element elementor-element-5db5265 elementor-widget elementor-widget-text-editor\" data-id=\"5db5265\" data-element_type=\"widget\" data-widget_type=\"text-editor.default\">\n\t\t\t\t<div class=\"elementor-widget-container\">\n\t\t\t\t\t\t\t\t\t<h2 style=\"text-align: justify;\"><span style=\"color: #000000;\"><span style=\"font-weight: bold;\">Organisation<\/span><\/span><\/h2><p>AMA is a non-profit organisation under the 1901 law led by volunteers.\u00a0<\/p><p><span style=\"font-size: 1rem;\">Every month, a board meeting gathers around twelve people<\/span><\/p><p>There are several means to support the charity:<\/p><ul><li><strong>buying membership<\/strong> is a way to express one\u2019s commitment to the cause defended by AMA. It allows the charity to rely on this financial pool and contributes to the recognition of its action. The more we will be, the more we will be able to be heard. The membership only costs 10\u20ac. A support membership is possible.<\/li><li><strong>donors<\/strong>occasional or steady allow the charity to lead its project. There is no small donation, everyone does according to their <a href=\"http:\/\/www.association-ama.com\/en\/je-donne\/\">possibilities.<\/a>.<\/li><li><strong>volunteers and\/or supporters<\/strong>. L&rsquo;association s&rsquo;appuie sur un r\u00e9seau d&rsquo;adh\u00e9rents, donateurs, b\u00e9n\u00e9voles et sympathisants de\u00a0 plus de 200 personnes.\u00a0<\/li><\/ul><div>\u00a0<\/div>\t\t\t\t\t\t\t\t<\/div>\n\t\t\t\t<\/div>\n\t\t\t\t<div class=\"elementor-element elementor-element-359caf7 elementor-widget-divider--view-line elementor-widget elementor-widget-divider\" data-id=\"359caf7\" data-element_type=\"widget\" data-widget_type=\"divider.default\">\n\t\t\t\t<div class=\"elementor-widget-container\">\n\t\t\t\t\t\t\t<div class=\"elementor-divider\">\n\t\t\t<span class=\"elementor-divider-separator\">\n\t\t\t\t\t\t<\/span>\n\t\t<\/div>\n\t\t\t\t\t\t<\/div>\n\t\t\t\t<\/div>\n\t\t\t\t\t<\/div>\n\t\t<\/div>\n\t\t\t\t\t<\/div>\n\t\t<\/section>\n\t\t\t\t<section class=\"elementor-section elementor-top-section elementor-element elementor-element-a40fa2d elementor-section-boxed elementor-section-height-default elementor-section-height-default\" data-id=\"a40fa2d\" data-element_type=\"section\">\n\t\t\t\t\t\t<div class=\"elementor-container elementor-column-gap-default\">\n\t\t\t\t\t<div class=\"elementor-column elementor-col-100 elementor-top-column elementor-element elementor-element-777258f\" data-id=\"777258f\" data-element_type=\"column\">\n\t\t\t<div class=\"elementor-widget-wrap elementor-element-populated\">\n\t\t\t\t\t\t<div class=\"elementor-element elementor-element-8e89ea7 elementor-widget elementor-widget-menu-anchor\" data-id=\"8e89ea7\" data-element_type=\"widget\" data-widget_type=\"menu-anchor.default\">\n\t\t\t\t<div class=\"elementor-widget-container\">\n\t\t\t\t\t\t\t<div class=\"elementor-menu-anchor\" id=\"partenariat\"><\/div>\n\t\t\t\t\t\t<\/div>\n\t\t\t\t<\/div>\n\t\t\t\t<div class=\"elementor-element elementor-element-3c4fdbd elementor-widget elementor-widget-text-editor\" data-id=\"3c4fdbd\" data-element_type=\"widget\" data-widget_type=\"text-editor.default\">\n\t\t\t\t<div class=\"elementor-widget-container\">\n\t\t\t\t\t\t\t\t\t<p><span style=\"font-weight: bold; color: #000000; font-size: 1.625rem; text-align: justify;\">Partenariats<\/span><\/p><p><span style=\"font-size: 1rem;\">AMA thinks that we must also act in concertation with other charities, punctually or in the long term.<\/span><\/p><p>To accompany our migrant friends, AMA relies on local charities that contribute to mastering the French language, for example.\u00a0<\/p><ul><li>Depuis son origine, AMA a progressivement nou\u00e9 des partenariats pour remplir sa mission avec efficacit\u00e9 :<\/li><\/ul><p><b>FREO France, un atout de taille pour rassurer et emporter l\u2019adh\u00e9sion des bailleurs.<\/b><\/p><p><span style=\"font-size: 1rem;\">Une convention a \u00e9t\u00e9 sign\u00e9e en 2020 entre AMA et FREO France, sp\u00e9cialis\u00e9 dans\u00a0<\/span><span style=\"font-size: 1rem;\">l\u2019investissement et le d\u00e9veloppement immobilier, notamment en Europe. Le partenariat est bas\u00e9\u00a0<\/span><span style=\"font-size: 1rem;\">sur deux axes :<\/span><\/p><p><span style=\"font-size: 1rem;\">&#8211; cr\u00e9ation et\/ou contribution \u00e0 des \u00e9v\u00e9nements avec les migrants, en vue de faciliter leur\u00a0<\/span><span style=\"font-size: 1rem;\">int\u00e9gration, avec une participation de volontaires des \u00e9quipes de FREO, et un soutien financier\u00a0<\/span><span style=\"font-size: 1rem;\">pour ces actions,<\/span><\/p><p>&#8211; soutien financier prenant la forme d\u2019un engagement juridique de caution pour les logements\u00a0<span style=\"font-size: 1rem;\">lou\u00e9s par des propri\u00e9taires aux familles soutenues par l\u2019Association.<\/span><\/p><p>Le soutien de FREO est pr\u00e9cieux pour AMA. En se portant caution pour le paiement du loyer\u00a0<span style=\"font-size: 1rem;\">des nouvelles familles, FREO rassure les propri\u00e9taires et l\u00e8ve un des freins \u00e0 la location d\u2019un\u00a0<\/span><span style=\"font-size: 1rem;\">logement par une famille dont les revenus sont n\u00e9cessairement modestes.<\/span><\/p><p><span style=\"font-size: 1rem;\"><b>Oeuvre d\u2019Orient et France Terre d\u2019Asile, pour sourcer les familles \u00e0 accompagner<\/b><\/span><\/p><p>AMA a nou\u00e9 d\u00e8s l\u2019origine un partenariat avec l\u2019association Oeuvre d\u2019Orient. Celle-ci nous\u00a0<span style=\"font-size: 1rem;\">adresse des familles \u00e0 accompagner lorsqu\u2019AMA dispose d\u2019un logement. L\u2019Oeuvre d\u2019Orient\u00a0<\/span><span style=\"font-size: 1rem;\">pourrait \u00e9galement pr\u00e9senter \u00e0 AMA des propri\u00e9taires d\u00e9sireux de louer un logement \u00e0 des\u00a0<\/span><span style=\"font-size: 1rem;\">personnes en difficult\u00e9.<\/span><\/p><p>Ce partenariat est toujours actif et b\u00e9n\u00e9fique pour notre projet associatif.<\/p><p>Un autre partenariat de m\u00eame ordre a \u00e9t\u00e9 conclu fin 2020 avec l\u2019antenne d\u2019Asni\u00e8res de\u00a0<span style=\"font-size: 1rem;\">l\u2019association France Terre d\u2019Asile.<\/span><\/p><p><b>Lucie Lucas, une marraine engag\u00e9e<\/b><\/p><p>Depuis l\u2019origine d\u2019AMA, Lucie Lucas, com\u00e9dienne et ancienne asni\u00e9roise, est fortement\u00a0<span style=\"font-size: 1rem;\">engag\u00e9e aupr\u00e8s de notre association, que ce soit au travers de la mise \u00e0 disposition de logement,\u00a0<\/span><span style=\"font-size: 1rem;\">d\u2019un soutien financier ou encore de son engagement public en faveur d\u2019AMA<\/span><\/p>\t\t\t\t\t\t\t\t<\/div>\n\t\t\t\t<\/div>\n\t\t\t\t<div class=\"elementor-element elementor-element-025e08b elementor-widget-divider--view-line elementor-widget elementor-widget-divider\" data-id=\"025e08b\" data-element_type=\"widget\" data-widget_type=\"divider.default\">\n\t\t\t\t<div class=\"elementor-widget-container\">\n\t\t\t\t\t\t\t<div class=\"elementor-divider\">\n\t\t\t<span class=\"elementor-divider-separator\">\n\t\t\t\t\t\t<\/span>\n\t\t<\/div>\n\t\t\t\t\t\t<\/div>\n\t\t\t\t<\/div>\n\t\t\t\t\t<\/div>\n\t\t<\/div>\n\t\t\t\t\t<\/div>\n\t\t<\/section>\n\t\t\t\t<section class=\"elementor-section elementor-top-section elementor-element elementor-element-ee7c317 elementor-section-boxed elementor-section-height-default elementor-section-height-default\" data-id=\"ee7c317\" data-element_type=\"section\">\n\t\t\t\t\t\t<div class=\"elementor-container elementor-column-gap-default\">\n\t\t\t\t\t<div class=\"elementor-column elementor-col-100 elementor-top-column elementor-element elementor-element-f0ece8f\" data-id=\"f0ece8f\" data-element_type=\"column\">\n\t\t\t<div class=\"elementor-widget-wrap elementor-element-populated\">\n\t\t\t\t\t\t<div class=\"elementor-element elementor-element-b41d80a elementor-widget elementor-widget-menu-anchor\" data-id=\"b41d80a\" data-element_type=\"widget\" data-widget_type=\"menu-anchor.default\">\n\t\t\t\t<div class=\"elementor-widget-container\">\n\t\t\t\t\t\t\t<div class=\"elementor-menu-anchor\" id=\"histoire\"><\/div>\n\t\t\t\t\t\t<\/div>\n\t\t\t\t<\/div>\n\t\t\t\t<div class=\"elementor-element elementor-element-08b5762 elementor-widget elementor-widget-text-editor\" data-id=\"08b5762\" data-element_type=\"widget\" data-widget_type=\"text-editor.default\">\n\t\t\t\t<div class=\"elementor-widget-container\">\n\t\t\t\t\t\t\t\t\t<p>\u00a0<span style=\"color: #000000; font-size: 1.625rem; font-weight: bold; text-align: justify;\">Our story<\/span><\/p><p>AMA was born from the conjunction of two wills:<\/p><ul><li>that of parishioners of Asni\u00e8res willing to answer the call of pope Francis, in autumn 2015, asking each community to welcome migrants from Syria; this call having been passed on by the bishop of Nanterre, Michel Aupetit.<\/li><li>that of several people willing to answer the proposition of the Refugee Help Committee (Comit\u00e9 d\u2019Aide aux R\u00e9fugi\u00e9s, CAAR) to take the goods remaining after its liquidation. This charity in Bois-Colombes had been created, in similar conditions, to welcome victims of the Boat People tragedy. It was placed in judiciary liquidation because of serious difficulties. The CAAR wanted to give its goods to a charity with a spirit and a project compatible with its own.<\/li><\/ul><p>During the year 2016, discussions and meetings allowed all to specify their common purpose: welcome and help migrants that find themselves in difficulties and facilitate their integration in France, through actions aiming at:<\/p><ul><li>answer their immediate needs, especially regarding housing,<\/li><li>accompany them in their project of integration to the French society,<\/li><li>propose them an experience of fraternity and moments of conviviality.<\/li><\/ul><p>Already before the administrative creation of AMA in the beginning of the year 2017, it has been possible to house a Syrian couple and to accompany them concretely in their social and professional insertion project in France. In July 2017, AMA found a new housing solution for two Iraqi brothers, and in 2018, another Syrian family was welcomed, a landlord having trusted us by leasing us a flat.\u00a0<\/p><p>The members of AMA are currently looking for material and financial means to spread their action to other migrants.<\/p>\t\t\t\t\t\t\t\t<\/div>\n\t\t\t\t<\/div>\n\t\t\t\t\t<\/div>\n\t\t<\/div>\n\t\t\t\t\t<\/div>\n\t\t<\/section>\n\t\t\t\t<section class=\"elementor-section elementor-top-section elementor-element elementor-element-481dd37 elementor-section-boxed elementor-section-height-default elementor-section-height-default\" data-id=\"481dd37\" data-element_type=\"section\">\n\t\t\t\t\t\t<div class=\"elementor-container elementor-column-gap-default\">\n\t\t\t\t\t<div class=\"elementor-column elementor-col-100 elementor-top-column elementor-element elementor-element-d439995\" data-id=\"d439995\" data-element_type=\"column\">\n\t\t\t<div class=\"elementor-widget-wrap elementor-element-populated\">\n\t\t\t\t\t\t<div class=\"elementor-element elementor-element-7994d87 elementor-widget elementor-widget-text-editor\" data-id=\"7994d87\" data-element_type=\"widget\" data-widget_type=\"text-editor.default\">\n\t\t\t\t<div class=\"elementor-widget-container\">\n\t\t\t\t\t\t\t\t\t<p style=\"text-align: justify;\">\u00a0<span style=\"color: #000000;\"><span style=\"font-size: 26px;\"><b>Gouvernance<\/b><\/span><\/span><\/p><p><b>Membres du Conseil d\u2019Administration au 15 avril 2022:<\/b><\/p><p>Jean-Hugues DUBAN, pr\u00e9sident<\/p><p>Charles CAILLAU,\u00a0 tr\u00e9sorier<\/p><p>Odile NOUVEL, secr\u00e9taire<\/p><p>J\u00e9r\u00f4me BES DE BERC<\/p><p>C\u00e9cile BROUSSARD<\/p><p>Dominique DE GUIBERT<\/p><p>Sophie LE YHUELIC<\/p><p>Catherine LUCAS<\/p><p><span style=\"font-size: 1rem;\">Marie-Claude POTIER<\/span><\/p><p><a style=\"font-size: 1rem; background-color: #ffffff;\" href=\"http:\/\/www.association-ama.com\/wp-content\/uploads\/2022\/09\/P1010735-scaled.jpg\"><img fetchpriority=\"high\" decoding=\"async\" class=\"size-large wp-image-617\" src=\"http:\/\/www.association-ama.com\/wp-content\/uploads\/2022\/09\/P1010735-1024x768.jpg\" alt=\"\" width=\"525\" height=\"394\" srcset=\"https:\/\/www.association-ama.com\/wp-content\/uploads\/2022\/09\/P1010735-1024x768.jpg 1024w, https:\/\/www.association-ama.com\/wp-content\/uploads\/2022\/09\/P1010735-300x225.jpg 300w, https:\/\/www.association-ama.com\/wp-content\/uploads\/2022\/09\/P1010735-768x576.jpg 768w, https:\/\/www.association-ama.com\/wp-content\/uploads\/2022\/09\/P1010735-1536x1152.jpg 1536w, https:\/\/www.association-ama.com\/wp-content\/uploads\/2022\/09\/P1010735-2048x1536.jpg 2048w, https:\/\/www.association-ama.com\/wp-content\/uploads\/2022\/09\/P1010735-16x12.jpg 16w, https:\/\/www.association-ama.com\/wp-content\/uploads\/2022\/09\/P1010735-350x263.jpg 350w\" sizes=\"(max-width: 525px) 100vw, 525px\" \/><\/a><span style=\"font-size: 1rem;\">\u00a0<\/span><\/p>\t\t\t\t\t\t\t\t<\/div>\n\t\t\t\t<\/div>\n\t\t\t\t\t<\/div>\n\t\t<\/div>\n\t\t\t\t\t<\/div>\n\t\t<\/section>\n\t\t\t\t<\/div>","protected":false},"excerpt":{"rendered":"<p>Qui sommes-nous ? AMA est une association loi 1901 \u00e0 but non lucratif. L&rsquo;objet social de l&rsquo;association est de venir en aide aux personnes migrantes et de faciliter ainsi leur int\u00e9gration. L&rsquo;objectif d&rsquo;AMA est d\u00e9velopp\u00e9 dans son projet associatif. Il se rattache essentiellement au principe d\u2019humanit\u00e9, et se d\u00e9cline dans trois domaines:\u00a0 L&rsquo;h\u00e9bergement. C&rsquo;est le &hellip; <\/p>\n<p class=\"link-more\"><a href=\"https:\/\/www.association-ama.com\/en\/nous-connaitre\/\" class=\"more-link\">Continue reading<span class=\"screen-reader-text\"> \u00ab\u00a0Mieux nous conna\u00eetre\u00a0\u00bb<\/span><\/a><\/p>","protected":false},"author":2,"featured_media":0,"parent":0,"menu_order":0,"comment_status":"closed","ping_status":"closed","template":"","meta":{"_exactmetrics_skip_tracking":false,"_exactmetrics_sitenote_active":false,"_exactmetrics_sitenote_note":"","_exactmetrics_sitenote_category":0,"footnotes":""},"class_list":["post-376","page","type-page","status-publish","hentry"],"_links":{"self":[{"href":"https:\/\/www.association-ama.com\/en\/wp-json\/wp\/v2\/pages\/376","targetHints":{"allow":["GET"]}}],"collection":[{"href":"https:\/\/www.association-ama.com\/en\/wp-json\/wp\/v2\/pages"}],"about":[{"href":"https:\/\/www.association-ama.com\/en\/wp-json\/wp\/v2\/types\/page"}],"author":[{"embeddable":true,"href":"https:\/\/www.association-ama.com\/en\/wp-json\/wp\/v2\/users\/2"}],"replies":[{"embeddable":true,"href":"https:\/\/www.association-ama.com\/en\/wp-json\/wp\/v2\/comments?post=376"}],"version-history":[{"count":29,"href":"https:\/\/www.association-ama.com\/en\/wp-json\/wp\/v2\/pages\/376\/revisions"}],"predecessor-version":[{"id":629,"href":"https:\/\/www.association-ama.com\/en\/wp-json\/wp\/v2\/pages\/376\/revisions\/629"}],"wp:attachment":[{"href":"https:\/\/www.association-ama.com\/en\/wp-json\/wp\/v2\/media?parent=376"}],"curies":[{"name":"wp","href":"https:\/\/api.w.org\/{rel}","templated":true}]}}