{"id":639,"date":"2022-10-03T16:13:33","date_gmt":"2022-10-03T16:13:33","guid":{"rendered":"http:\/\/www.association-ama.com\/?page_id=639"},"modified":"2022-10-03T16:13:38","modified_gmt":"2022-10-03T16:13:38","slug":"nos-actions-2","status":"publish","type":"page","link":"https:\/\/www.association-ama.com\/en\/nos-actions-2\/","title":{"rendered":"What we do"},"content":{"rendered":"<h2>AMA is accelerating its growth<\/h2>\n<p>L\u2019ann\u00e9e 2021 a \u00e9t\u00e9 riche pour l\u2019association AMA Accueil-Migrants-Asni\u00e8res. Dans un contexte\u00a0de crise sanitaire qui aura emp\u00each\u00e9 ou frein\u00e9 bien des initiatives, notamment pour mieux\u00a0int\u00e9grer les familles de migrants, AMA a poursuivi son engagement avec vigueur et a franchi\u00a0un cap significatif. Gr\u00e2ce \u00e0 l\u2019engagement de ses membres, de ses b\u00e9n\u00e9voles et de ses\u00a0sympathisants mais aussi aux partenariats qu\u2019elle a su nouer au fil de son histoire, AMA a\u00a0doubl\u00e9 le nombre de familles qu\u2019elle accompagne. C\u2019est une grande satisfaction ! Si la\u00a0pand\u00e9mie a fragilis\u00e9 et isol\u00e9 nombre de personnes en situation difficile, notamment les\u00a0migrants, AMA a su avec l\u2019aide de son r\u00e9seau en att\u00e9nuer significativement les effets sur les\u00a0personnes qu\u2019elle suit.<\/p>\n<h3>AMA se positionne sur le long terme<\/h3>\n<p>AMA, n\u00e9e officiellement en 2017, a acquis ann\u00e9e apr\u00e8s ann\u00e9e une forte l\u00e9gitimit\u00e9 sur son territoire, celui d\u2019Asni\u00e8res sur Seine et des villes environnantes. Son positionnement assez original lui permet d\u2019apporter une valeur ajout\u00e9e certaine aupr\u00e8s des familles qu\u2019elle accompagne. Son action est bas\u00e9e sur le long terme puisque AMA a pris le parti de se positionner sur trois niveaux successifs, l\u2019h\u00e9bergement, l\u2019accompagnement et l\u2019int\u00e9gration. Son action aupr\u00e8s d\u2019une famille commence donc par la recherche d\u2019un logement, condition premi\u00e8re pour permettre \u00e0 ses membres de se reconstruire et d\u2019avancer dans la vie, et se termine lorsque la famille a acquis un niveau d\u2019autonomie r\u00e9elle et se trouve int\u00e9gr\u00e9e dans la soci\u00e9t\u00e9 fran\u00e7aise.<br \/>\nAMA s\u2019adresse \u00e0 tous les migrants, qu\u2019ils soient politiques, \u00e9conomiques ou climatiques. Le seul crit\u00e8re qu\u2019elle retient est la situation de pr\u00e9carit\u00e9.<\/p>\n<p>Nous sommes mobilis\u00e9s pour accompagner au mieux ces familles dont certaines nous sollicitent beaucoup pour reb\u00e2tir une nouvelle vie et s\u2019int\u00e9grer dans la soci\u00e9t\u00e9 fran\u00e7aise.<\/p>\n<h3><strong>Call for volunteers<\/strong><\/h3>\n<p>Facing this growing demand for support, we need volunteers to help us.<\/p>\n<p><strong>1<sup>st<\/sup>\u00a0urgent need<\/strong>\u00a0to go faster in the administrative procedures necessary for the integration of our friends,\u00a0<strong>we seek the support of a lawyer specializing in the law of foreigners.<\/strong>.<\/p>\n<p><strong>2<sup>rd<\/sup>\u00a0need<\/strong>\u00a0integration involves meeting French families, meetings which are an opportunity to exchange ideas in French and to get to know our culture better.\u00a0<strong>We offer all those who wish to receive<\/strong>\u00a0<strong>one of the 6 migrant families that we support for dinner<\/strong>,\u00a0suivant une p\u00e9riodicit\u00e9 \u00e0 d\u00e9finir entre nous (une fois par trimestre, tous les deux mois\u2026). Si vous optez par exemple pour un diner par trimestre, vous pouvez choisir de suivre la m\u00eame famille ou au contraire de rencontrer une famille diff\u00e9rente \u00e0 chaque fois, soit 4 dans l\u2019ann\u00e9e. Ces familles sont constitu\u00e9es de deux ou trois personnes (2 couples avec chacun un jeune enfant, deux fr\u00e8res d\u2019une trentaine d\u2019ann\u00e9e, une m\u00e8re et ses deux filles adolescentes, une grand-m\u00e8re, son fils et son petit-fils, une m\u00e8re et son fils de 9 ans).<\/p>\n<h3>Actions aupr\u00e8s des migrants\u00a0<b>:<\/b><\/h3>\n<p><strong>Soutien administratif, mat\u00e9riel et logistique<\/strong><\/p>\n<p>\u2013 Aides \u00e0 l\u2019emm\u00e9nagement pour les nouvelles familles h\u00e9berg\u00e9es (d\u00e9m\u00e9nagement, ameublement de l\u2019appartement\u2026)<\/p>\n<p>\u2013 Aides aux d\u00e9marches administratives pour l\u2019obtention, le renouvellement d\u2019un titre de\u00a0s\u00e9jour aupr\u00e8s de la pr\u00e9fecture ou des instances officielles, pour obtenir des aides (CAF,\u00a0Pole Emploi, APL, Fonds de Solidarit\u00e9 Logement FSL \u2026) ;<\/p>\n<p>\u2013 Accompagnement dans les d\u00e9marches et le suivi m\u00e9dical ;<\/p>\n<p>\u2013 Acc\u00e8s aux vacances facilit\u00e9 pour les familles :<\/p>\n<p><strong>Se reconstruire et construire un nouveau projet de vie en France<\/strong><\/p>\n<p>\u2013 Constitution de groupes de travail pour le suivi et l\u2019aide d\u2019un projet \u00e9tudiant, d\u2019un projet professionnel : AMA a constitu\u00e9 des groupes de travail avec 2 ou 3 volontaires pour accompagner le projet professionnel de certains de nos amis migrants. Pour chacun d\u2019entre eux, la question se pose de trouver un emploi plus ou moins proche de leurs comp\u00e9tences avec un dipl\u00f4me le plus souvent non reconnu en France. Chaque groupe se r\u00e9unit une fois par mois environ, le temps que le migrant accompagn\u00e9 ait finalis\u00e9 son projet.<\/p>\n<p>\u2013 D\u00e9marches aupr\u00e8s des \u00e9coles pour la scolarisation des plus jeunes ;<\/p>\n<p>\u2013 Cours d\u2019apprentissage du fran\u00e7ais pour les adultes, soit par un membre de l\u2019association, soit en faisant appel au r\u00e9seau Alphasni\u00e8res ;<\/p>\n<p>\u2013 Accompagnement pour une meilleure compr\u00e9hension du fonctionnement de la vie en France.<\/p>\n<p><strong>Soutien financier<\/strong><\/p>\n<p>\u2013 Aides financi\u00e8res sous forme de dons ou de pr\u00eats pour permettre aux familles de mieux se loger, passer un cap difficile, partir en vacances ou r\u00e9aliser un projet.<\/p>\n<p><strong>Soutien moral<\/strong><\/p>\n<p>\u2013 Support des familles au quotidien en les \u00e9coutant, en leur apportant un conseil, en tentant de r\u00e9pondre \u00e0 leurs questions ou en leur donnant des \u00e9l\u00e9ments de r\u00e9flexion pour une prise de d\u00e9cision.<\/p>\n<p>So for all those who wish to mobilize on one of these actions, please contact us by email at\u00a0<a href=\"mailto:associationama.asnieres@gmail.com\"><strong>associationama.asnieres@gmail.com\u00a0<\/strong><\/a>or at\u00a0<strong>06 63 41 66 20<\/strong><\/p>","protected":false},"excerpt":{"rendered":"<p>AMA acc\u00e9l\u00e8re sa croissance L\u2019ann\u00e9e 2021 a \u00e9t\u00e9 riche pour l\u2019association AMA Accueil-Migrants-Asni\u00e8res. Dans un contexte\u00a0de crise sanitaire qui aura emp\u00each\u00e9 ou frein\u00e9 bien des initiatives, notamment pour mieux\u00a0int\u00e9grer les familles de migrants, AMA a poursuivi son engagement avec vigueur et a franchi\u00a0un cap significatif. Gr\u00e2ce \u00e0 l\u2019engagement de ses membres, de ses b\u00e9n\u00e9voles et &hellip; <\/p>\n<p class=\"link-more\"><a href=\"https:\/\/www.association-ama.com\/en\/nos-actions-2\/\" class=\"more-link\">Continue reading<span class=\"screen-reader-text\"> \u00ab\u00a0Nos actions\u00a0\u00bb<\/span><\/a><\/p>","protected":false},"author":1,"featured_media":0,"parent":0,"menu_order":0,"comment_status":"closed","ping_status":"closed","template":"","meta":{"_exactmetrics_skip_tracking":false,"_exactmetrics_sitenote_active":false,"_exactmetrics_sitenote_note":"","_exactmetrics_sitenote_category":0,"footnotes":""},"class_list":["post-639","page","type-page","status-publish","hentry"],"_links":{"self":[{"href":"https:\/\/www.association-ama.com\/en\/wp-json\/wp\/v2\/pages\/639","targetHints":{"allow":["GET"]}}],"collection":[{"href":"https:\/\/www.association-ama.com\/en\/wp-json\/wp\/v2\/pages"}],"about":[{"href":"https:\/\/www.association-ama.com\/en\/wp-json\/wp\/v2\/types\/page"}],"author":[{"embeddable":true,"href":"https:\/\/www.association-ama.com\/en\/wp-json\/wp\/v2\/users\/1"}],"replies":[{"embeddable":true,"href":"https:\/\/www.association-ama.com\/en\/wp-json\/wp\/v2\/comments?post=639"}],"version-history":[{"count":1,"href":"https:\/\/www.association-ama.com\/en\/wp-json\/wp\/v2\/pages\/639\/revisions"}],"predecessor-version":[{"id":640,"href":"https:\/\/www.association-ama.com\/en\/wp-json\/wp\/v2\/pages\/639\/revisions\/640"}],"wp:attachment":[{"href":"https:\/\/www.association-ama.com\/en\/wp-json\/wp\/v2\/media?parent=639"}],"curies":[{"name":"wp","href":"https:\/\/api.w.org\/{rel}","templated":true}]}}