{"id":8,"date":"2018-07-13T10:54:16","date_gmt":"2018-07-13T10:54:16","guid":{"rendered":"http:\/\/www.association-ama.com\/?page_id=8"},"modified":"2025-01-12T17:41:40","modified_gmt":"2025-01-12T17:41:40","slug":"nos-partenaires","status":"publish","type":"page","link":"https:\/\/www.association-ama.com\/en\/nos-partenaires\/","title":{"rendered":"Nos partenaires"},"content":{"rendered":"<p>[vc_row][vc_column][vc_column_text]<\/p>\n<h2><span style=\"color: #339966;\"><strong>Nos partenaires<\/strong><\/span><\/h2>\n<p>AMA pense que l\u2019on doit aussi agir en concertation avec d\u2019autres associations de solidarit\u00e9 ponctuellement ou dans la dur\u00e9e.<\/p><p>Pour l\u2019accompagnement de nos amis migrants, AMA s\u2019appuie sur des associations locales contribuant par exemple \u00e0 la ma\u00eetrise de la langue fran\u00e7aise.\u00a0Depuis son origine, AMA a progressivement nou\u00e9 des partenariats pour remplir sa mission avec efficacit\u00e9 :<\/p><p><strong>FREO France, un atout de taille pour rassurer et emporter l\u2019adh\u00e9sion des bailleurs.<\/strong><\/p><p>Une convention a \u00e9t\u00e9 sign\u00e9e en 2020 entre AMA et FREO France, sp\u00e9cialis\u00e9 dans\u00a0l\u2019investissement et le d\u00e9veloppement immobilier, notamment en Europe. Le partenariat est bas\u00e9\u00a0sur deux axes :<\/p><p>\u2013 cr\u00e9ation et\/ou contribution \u00e0 des \u00e9v\u00e9nements avec les migrants, en vue de faciliter leur\u00a0int\u00e9gration, avec une participation de volontaires des \u00e9quipes de FREO, et un soutien financier\u00a0pour ces actions,<\/p><p>\u2013 soutien financier prenant la forme d\u2019un engagement juridique de caution pour les logements\u00a0lou\u00e9s par des propri\u00e9taires aux familles soutenues par l\u2019Association.<\/p><p>Le soutien de FREO est pr\u00e9cieux pour AMA. En se portant caution pour le paiement du loyer\u00a0des nouvelles familles, FREO rassure les propri\u00e9taires et l\u00e8ve un des freins \u00e0 la location d\u2019un\u00a0logement par une famille dont les revenus sont n\u00e9cessairement modestes.<\/p><p><strong>Oeuvre d\u2019Orient et France Terre d\u2019Asile, pour sourcer les familles \u00e0 accompagner<\/strong><\/p><p>AMA a nou\u00e9 d\u00e8s l\u2019origine un partenariat avec l\u2019association Oeuvre d\u2019Orient. Celle-ci nous\u00a0adresse des familles \u00e0 accompagner lorsqu\u2019AMA dispose d\u2019un logement. L\u2019Oeuvre d\u2019Orient\u00a0pourrait \u00e9galement pr\u00e9senter \u00e0 AMA des propri\u00e9taires d\u00e9sireux de louer un logement \u00e0 des\u00a0personnes en difficult\u00e9.<\/p><p>Ce partenariat est toujours actif et b\u00e9n\u00e9fique pour notre projet associatif.<\/p><p>Un autre partenariat de m\u00eame ordre a \u00e9t\u00e9 conclu fin 2020 avec l\u2019antenne d\u2019Asni\u00e8res de\u00a0l\u2019association France Terre d\u2019Asile.<\/p>\n<p><strong>Paroisse d\u2019Asni\u00e8res sur Seine et Hiver Solidaire<\/strong><\/p>\n<p>AMA b\u00e9n\u00e9ficie chaque ann\u00e9e depuis 2022 des locaux d\u2019Hiver Solidaire durant la p\u00e9riode d\u2019avril \u00e0 septembre pour y loger une famille de migrants, en attendant de leur trouver un logement plus p\u00e9renne. AMA b\u00e9n\u00e9ficie aussi r\u00e9guli\u00e8rement de salles pour y organiser des \u00e9v\u00e9nements, comme la galette des rois.<\/p>\n<p><strong>Centre 72<\/strong><\/p>\n<p>AMA a le soutien du Centre 72, association cr\u00e9\u00e9e par la communaut\u00e9 protestante d\u2019Asni\u00e8res\/Bois-Colombes\/Colombes. AMA a b\u00e9n\u00e9fici\u00e9 de ce lieu pour y organiser des conf\u00e9rences tandis que les familles accompagn\u00e9es par AMA participent r\u00e9guli\u00e8rement \u00e0 la braderie don de v\u00eatement organis\u00e9 par le centre.<\/p>\n<p><strong>Citoyens Fraternel\u00a0<\/strong><\/p>\n<p>AMA est membre depuis 2024 de Citoyens Fraternels, un collectif d\u2019une vingtaine d\u2019associations de solidarit\u00e9 qui rencontrent et accompagnent les personnes en situation de pr\u00e9carit\u00e9 sur les Hauts-de-Seine.<\/p>\n<p><strong>R\u00e9seau ALPHAsni\u00e8res pour l\u2019apprentissage du fran\u00e7ais au profit des adultes<\/strong><\/p>\n<p>L&rsquo;association ALPHAsni\u00e8res propose des cours d&rsquo;alpha et de perfectionnement de l&rsquo;apprentissage du fran\u00e7ais.<\/p>\n<p><strong>Centre Primo L\u00e9vi<\/strong><\/p>\n<p>AMA a nou\u00e9 une collaboration pour accompagner une ou des familles suivies par le Centre Primo L\u00e9vi, association de r\u00e9f\u00e9rence sp\u00e9cifiquement d\u00e9di\u00e9e au soin et au soutien des personnes victimes de la torture et de la violence politique exil\u00e9es en France.<\/p>\n<p><strong>Association Sophia Yoga, rendre le Yoga accessible<\/strong><\/p>\n<p>Un partenariat a \u00e9t\u00e9 conclu avec l\u2019association Sophia Yoga dont l\u2019objectif est de rendre le yoga accessible \u00e0 tous. Dans un contexte de migrations qui bouleversent les vies, la pratique du yoga peut \u00eatre une des r\u00e9ponses pour faciliter l\u2019int\u00e9gration de ceux qui ont v\u00e9cu des moments difficiles.<\/p>\n<p><strong>Classic Dance Academy, s\u2019initier \u00e0 la danse<\/strong><\/p>\n<p>Un partenariat avec l\u2019\u00e9cole donne la possibilit\u00e9 \u00e0 des jeunes migrants que nous accompagnons de s\u2019initier \u00e0 la pratique de la danse qui peut \u00eatre source d\u2019\u00e9panouissement et d\u2019ouverture vers un monde diff\u00e9rent.<\/p>\n<p><strong>Lucie Lucas, une marraine engag\u00e9e<\/strong><\/p><p>Depuis l\u2019origine d\u2019AMA, Lucie Lucas, com\u00e9dienne et ancienne asni\u00e9roise, est fortement\u00a0engag\u00e9e aupr\u00e8s de notre association, que ce soit au travers de la mise \u00e0 disposition de logement,\u00a0d\u2019un soutien financier ou encore de son engagement public en faveur d\u2019AMA<\/p>\n<p>\u00a0<\/p>\n<p>[\/vc_column_text][\/vc_column][\/vc_row]<\/p>","protected":false},"excerpt":{"rendered":"<p>[vc_row][vc_column][vc_column_text] Nos partenaires AMA pense que l\u2019on doit aussi agir en concertation avec d\u2019autres associations de solidarit\u00e9 ponctuellement ou dans la dur\u00e9e. Pour l\u2019accompagnement de nos amis migrants, AMA s\u2019appuie sur des associations locales contribuant par exemple \u00e0 la ma\u00eetrise de la langue fran\u00e7aise.\u00a0Depuis son origine, AMA a progressivement nou\u00e9 des partenariats pour remplir sa &hellip; <\/p>\n<p class=\"link-more\"><a href=\"https:\/\/www.association-ama.com\/en\/nos-partenaires\/\" class=\"more-link\">Continue reading<span class=\"screen-reader-text\"> \u00ab\u00a0Nos partenaires\u00a0\u00bb<\/span><\/a><\/p>","protected":false},"author":1,"featured_media":0,"parent":0,"menu_order":0,"comment_status":"closed","ping_status":"closed","template":"","meta":{"_exactmetrics_skip_tracking":false,"_exactmetrics_sitenote_active":false,"_exactmetrics_sitenote_note":"","_exactmetrics_sitenote_category":0,"footnotes":""},"class_list":["post-8","page","type-page","status-publish","hentry"],"_links":{"self":[{"href":"https:\/\/www.association-ama.com\/en\/wp-json\/wp\/v2\/pages\/8","targetHints":{"allow":["GET"]}}],"collection":[{"href":"https:\/\/www.association-ama.com\/en\/wp-json\/wp\/v2\/pages"}],"about":[{"href":"https:\/\/www.association-ama.com\/en\/wp-json\/wp\/v2\/types\/page"}],"author":[{"embeddable":true,"href":"https:\/\/www.association-ama.com\/en\/wp-json\/wp\/v2\/users\/1"}],"replies":[{"embeddable":true,"href":"https:\/\/www.association-ama.com\/en\/wp-json\/wp\/v2\/comments?post=8"}],"version-history":[{"count":4,"href":"https:\/\/www.association-ama.com\/en\/wp-json\/wp\/v2\/pages\/8\/revisions"}],"predecessor-version":[{"id":731,"href":"https:\/\/www.association-ama.com\/en\/wp-json\/wp\/v2\/pages\/8\/revisions\/731"}],"wp:attachment":[{"href":"https:\/\/www.association-ama.com\/en\/wp-json\/wp\/v2\/media?parent=8"}],"curies":[{"name":"wp","href":"https:\/\/api.w.org\/{rel}","templated":true}]}}